{"id":145840,"date":"2024-10-31T12:42:23","date_gmt":"2024-10-31T12:42:23","guid":{"rendered":"https:\/\/wein-schmelzer.at\/wordpress\/?page_id=145840"},"modified":"2025-04-10T06:46:19","modified_gmt":"2025-04-10T06:46:19","slug":"contact-classic-2","status":"publish","type":"page","link":"https:\/\/www.wein-schmelzer.at\/index.php\/contact-classic-2\/","title":{"rendered":"Weingut &#038; Weing\u00e4rten"},"content":{"rendered":"<div class=\"wpb-content-wrapper\"><p>[vc_row row_height_percent=&#8220;65&#8243; override_padding=&#8220;yes&#8220; h_padding=&#8220;2&#8243; top_padding=&#8220;7&#8243; bottom_padding=&#8220;7&#8243; back_color=&#8220;color-wayh&#8220; back_image=&#8220;146035&#8243; back_position=&#8220;center bottom&#8220; overlay_color=&#8220;color-jevc&#8220; overlay_alpha=&#8220;40&#8243; gutter_size=&#8220;3&#8243; column_width_percent=&#8220;100&#8243; shift_y=&#8220;0&#8243; z_index=&#8220;0&#8243; enable_top_divider=&#8220;default&#8220; top_divider=&#8220;gradient&#8220; shape_top_h_use_pixel=&#8220;true&#8220; shape_top_height_percent=&#8220;100&#8243; shape_top_color=&#8220;color-wayh&#8220; shape_top_opacity=&#8220;25&#8243; shape_top_index=&#8220;0&#8243; content_parallax=&#8220;0&#8243; row_name=&#8220;Welcome&#8220; uncode_shortcode_id=&#8220;146106&#8243; back_color_type=&#8220;uncode-palette&#8220; overlay_color_type=&#8220;uncode-palette&#8220; shape_top_color_type=&#8220;uncode-palette&#8220;][vc_column column_width_use_pixel=&#8220;yes&#8220; position_vertical=&#8220;middle&#8220; align_horizontal=&#8220;align_center&#8220; gutter_size=&#8220;3&#8243; style=&#8220;dark&#8220; overlay_alpha=&#8220;50&#8243; shift_x=&#8220;0&#8243; shift_y=&#8220;0&#8243; shift_y_down=&#8220;0&#8243; z_index=&#8220;0&#8243; medium_width=&#8220;0&#8243; mobile_width=&#8220;0&#8243; zoom_width=&#8220;0&#8243; zoom_height=&#8220;0&#8243; width=&#8220;1\/1&#8243; column_width_pixel=&#8220;900&#8243;][vc_custom_heading text_font=&#8220;font-136269&#8243; text_size=&#8220;fontsize-445851&#8243; text_weight=&#8220;500&#8243; text_space=&#8220;fontspace-781688&#8243; uncode_shortcode_id=&#8220;635023&#8243;]Weingut &amp; Weing\u00e4rten[\/vc_custom_heading][\/vc_column][\/vc_row][vc_row row_height_percent=&#8220;0&#8243; override_padding=&#8220;yes&#8220; h_padding=&#8220;2&#8243; top_padding=&#8220;5&#8243; bottom_padding=&#8220;5&#8243; overlay_alpha=&#8220;50&#8243; gutter_size=&#8220;4&#8243; column_width_percent=&#8220;100&#8243; shift_y=&#8220;0&#8243; z_index=&#8220;0&#8243; uncode_shortcode_id=&#8220;124396&#8243;][vc_column column_width_percent=&#8220;100&#8243; gutter_size=&#8220;3&#8243; overlay_alpha=&#8220;50&#8243; shift_x=&#8220;0&#8243; shift_y=&#8220;0&#8243; shift_y_down=&#8220;0&#8243; z_index=&#8220;0&#8243; medium_width=&#8220;4&#8243; mobile_width=&#8220;0&#8243; width=&#8220;6\/12&#8243; el_class=&#8220;image-card image-card-triple&#8220; uncode_shortcode_id=&#8220;327674&#8243;][vc_single_image media=&#8220;146103&#8243; dynamic=&#8220;yes&#8220; media_lightbox=&#8220;yes&#8220; media_width_percent=&#8220;100&#8243; media_ratio=&#8220;one-one&#8220; alignment=&#8220;right&#8220; lbox_connected=&#8220;yes&#8220; uncode_shortcode_id=&#8220;131729&#8243;][vc_single_image media=&#8220;146099&#8243; dynamic=&#8220;yes&#8220; media_lightbox=&#8220;yes&#8220; media_width_percent=&#8220;100&#8243; media_ratio=&#8220;one-one&#8220; alignment=&#8220;right&#8220; css_animation=&#8220;parallax&#8220; parallax_intensity=&#8220;2&#8243; lbox_connected=&#8220;yes&#8220; uncode_shortcode_id=&#8220;186962&#8243;][vc_single_image media=&#8220;146187&#8243; dynamic=&#8220;yes&#8220; media_lightbox=&#8220;yes&#8220; media_width_percent=&#8220;100&#8243; media_ratio=&#8220;one-one&#8220; alignment=&#8220;right&#8220; css_animation=&#8220;parallax&#8220; parallax_intensity=&#8220;3&#8243; lbox_connected=&#8220;yes&#8220; uncode_shortcode_id=&#8220;189553&#8243;][uncode_vertical_text vertical_text_h_pos=&#8220;-1&#8243; z_index=&#8220;0&#8243; text_font=&#8220;font-469684&#8243; text_size=&#8220;h6&#8243; text_weight=&#8220;500&#8243; text_transform=&#8220;uppercase&#8220; text_space=&#8220;fontspace-210350&#8243; medium_visibility=&#8220;yes&#8220; mobile_visibility=&#8220;yes&#8220; uncode_shortcode_id=&#8220;112191&#8243;]Gegenwart[\/uncode_vertical_text][\/vc_column][vc_column column_width_percent=&#8220;100&#8243; position_horizontal=&#8220;left&#8220; position_vertical=&#8220;middle&#8220; gutter_size=&#8220;3&#8243; font_family=&#8220;font-469684&#8243; overlay_alpha=&#8220;50&#8243; shift_x=&#8220;0&#8243; shift_y=&#8220;0&#8243; shift_y_down=&#8220;0&#8243; z_index=&#8220;0&#8243; medium_width=&#8220;4&#8243; align_mobile=&#8220;align_center_mobile&#8220; mobile_width=&#8220;0&#8243; width=&#8220;6\/12&#8243; uncode_shortcode_id=&#8220;573911&#8243;][vc_custom_heading heading_semantic=&#8220;h3&#8243; text_font=&#8220;font-469684&#8243; text_size=&#8220;fontsize-155944&#8243; text_weight=&#8220;400&#8243; sub_lead=&#8220;yes&#8220; subheading=&#8220;In Gols , der gr\u00f6\u00dften Weinbaugemeinde \u00d6sterreichs, liegen die Rieden des Weinguts Schmelzer.<br \/>\nDie Weingartenfl\u00e4che von 15 Hektar ist zu 70 % mit Rotweinst\u00f6cken bepflanzt. Obwohl sich das Br\u00fcderpaar Horst &amp; Georg Schmelzer keineswegs den \u00f6nologischen Neuerungen verschlie\u00dft, gilt Bodenst\u00e4ndigkeit als Betriebsphilosophie.<\/p>\n<p>&#8222;Topweine von Herz zu Herz!&#8222;<\/p>\n<p>Die Bereiche bis zur Vinifikation sind zu gleichen Teilen aufgeteilt, als Horst f\u00fcr die Weingartenarbeit verantwortlich zeichnet und Georg sich dem Marketing widmet. Um die Vinifizierung bem\u00fchen sich die Geschwister kollegial.&#8220; uncode_shortcode_id=&#8220;967154&#8243; text_color_type=&#8220;uncode-palette&#8220; text_color_solid=&#8220;#ff0000&#8243;]Gegenwart[\/vc_custom_heading][\/vc_column][\/vc_row][vc_row unlock_row_content=&#8220;yes&#8220; row_height_percent=&#8220;45&#8243; back_image=&#8220;146108&#8243; parallax=&#8220;yes&#8220; overlay_color=&#8220;color-jevc&#8220; overlay_alpha=&#8220;19&#8243; gutter_size=&#8220;3&#8243; column_width_percent=&#8220;100&#8243; shift_y=&#8220;0&#8243; z_index=&#8220;0&#8243; content_parallax=&#8220;0&#8243; uncode_shortcode_id=&#8220;921723&#8243; overlay_color_type=&#8220;uncode-palette&#8220;][vc_column width=&#8220;1\/1&#8243;][\/vc_column][\/vc_row][vc_row row_height_percent=&#8220;0&#8243; override_padding=&#8220;yes&#8220; h_padding=&#8220;2&#8243; top_padding=&#8220;5&#8243; bottom_padding=&#8220;5&#8243; back_color=&#8220;color-lxmt&#8220; overlay_alpha=&#8220;50&#8243; gutter_size=&#8220;4&#8243; column_width_percent=&#8220;100&#8243; shift_y=&#8220;0&#8243; z_index=&#8220;0&#8243; inverted_device_order=&#8220;yes&#8220; uncode_shortcode_id=&#8220;719560&#8243; back_color_type=&#8220;uncode-palette&#8220;][vc_column column_width_percent=&#8220;100&#8243; position_horizontal=&#8220;left&#8220; position_vertical=&#8220;middle&#8220; gutter_size=&#8220;3&#8243; font_family=&#8220;font-469684&#8243; overlay_alpha=&#8220;50&#8243; shift_x=&#8220;0&#8243; shift_y=&#8220;0&#8243; shift_y_down=&#8220;0&#8243; z_index=&#8220;0&#8243; medium_width=&#8220;4&#8243; align_mobile=&#8220;align_center_mobile&#8220; mobile_width=&#8220;0&#8243; width=&#8220;1\/2&#8243; uncode_shortcode_id=&#8220;910195&#8243;][vc_custom_heading heading_semantic=&#8220;h3&#8243; text_font=&#8220;font-469684&#8243; text_size=&#8220;fontsize-155944&#8243; text_weight=&#8220;400&#8243; sub_lead=&#8220;yes&#8220; subheading=&#8220;Die Familienchronik geht bis in das Jahr 1859 zur\u00fcck.<\/p>\n<p>Horst (Jrg.1968) und Georg (Jrg.1965) sind schon seit den fr\u00fchen 70ern dabei. (s. Bild)<br \/>\n1995 \u00fcbernahmen die beiden Weinbau- und Kellermeister den Betrieb der Eltern, dessen Kunden damals vorrangig aus Ober\u00f6sterreich kamen. Der Vater legte in den 70er Jahren den soliden, qualitativ hochwertigen Grundstock f\u00fcr die hervorragende Entwicklung der beiden Br\u00fcder.<br \/>\nSukzessive haben sie den Kundenstock des elterlichen Betriebes auch auf internationaler Ebene ausgebaut.&#8220; uncode_shortcode_id=&#8220;163782&#8243; text_color_type=&#8220;uncode-palette&#8220; text_color_solid=&#8220;#ff0000&#8243;]Geschichte[\/vc_custom_heading][\/vc_column][vc_column column_width_percent=&#8220;100&#8243; gutter_size=&#8220;3&#8243; overlay_alpha=&#8220;50&#8243; shift_x=&#8220;0&#8243; shift_y=&#8220;0&#8243; shift_y_down=&#8220;0&#8243; z_index=&#8220;0&#8243; medium_width=&#8220;4&#8243; mobile_width=&#8220;0&#8243; width=&#8220;1\/2&#8243; el_class=&#8220;image-card image-card-inverted image-card-triple&#8220; uncode_shortcode_id=&#8220;222494&#8243;][vc_single_image media=&#8220;146130&#8243; media_lightbox=&#8220;yes&#8220; media_width_percent=&#8220;100&#8243; media_ratio=&#8220;one-one&#8220; alignment=&#8220;right&#8220; css_animation=&#8220;parallax&#8220; parallax_intensity=&#8220;2&#8243; lbox_connected=&#8220;yes&#8220; uncode_shortcode_id=&#8220;197918&#8243;][vc_single_image media=&#8220;146131&#8243; media_lightbox=&#8220;yes&#8220; media_width_percent=&#8220;100&#8243; media_ratio=&#8220;one-one&#8220; alignment=&#8220;right&#8220; lbox_connected=&#8220;yes&#8220; uncode_shortcode_id=&#8220;683165&#8243;][vc_single_image media=&#8220;146094&#8243; media_lightbox=&#8220;yes&#8220; media_width_percent=&#8220;100&#8243; media_ratio=&#8220;one-one&#8220; alignment=&#8220;right&#8220; css_animation=&#8220;parallax&#8220; parallax_intensity=&#8220;3&#8243; lbox_connected=&#8220;yes&#8220; uncode_shortcode_id=&#8220;189183&#8243;][uncode_vertical_text position=&#8220;right&#8220; flip=&#8220;yes&#8220; vertical_text_h_pos=&#8220;1&#8243; z_index=&#8220;0&#8243; text_font=&#8220;font-469684&#8243; text_size=&#8220;h6&#8243; text_weight=&#8220;500&#8243; text_transform=&#8220;uppercase&#8220; text_space=&#8220;fontspace-210350&#8243; medium_visibility=&#8220;yes&#8220; mobile_visibility=&#8220;yes&#8220; uncode_shortcode_id=&#8220;174771&#8243;]Geschichte[\/uncode_vertical_text][\/vc_column][\/vc_row][vc_row unlock_row_content=&#8220;yes&#8220; row_height_percent=&#8220;45&#8243; back_image=&#8220;146198&#8243; parallax=&#8220;yes&#8220; overlay_color=&#8220;color-jevc&#8220; overlay_alpha=&#8220;19&#8243; gutter_size=&#8220;3&#8243; column_width_percent=&#8220;100&#8243; shift_y=&#8220;0&#8243; z_index=&#8220;0&#8243; content_parallax=&#8220;0&#8243; uncode_shortcode_id=&#8220;101750&#8243; overlay_color_type=&#8220;uncode-palette&#8220;][vc_column width=&#8220;1\/1&#8243;][\/vc_column][\/vc_row][vc_row row_height_percent=&#8220;0&#8243; override_padding=&#8220;yes&#8220; h_padding=&#8220;2&#8243; top_padding=&#8220;5&#8243; bottom_padding=&#8220;5&#8243; back_color=&#8220;color-xsdn&#8220; overlay_alpha=&#8220;50&#8243; gutter_size=&#8220;4&#8243; column_width_percent=&#8220;100&#8243; shift_y=&#8220;0&#8243; z_index=&#8220;0&#8243; content_parallax=&#8220;0&#8243; uncode_shortcode_id=&#8220;124418&#8243; back_color_type=&#8220;uncode-palette&#8220;][vc_column column_width_percent=&#8220;100&#8243; gutter_size=&#8220;3&#8243; overlay_alpha=&#8220;50&#8243; shift_x=&#8220;0&#8243; shift_y=&#8220;0&#8243; shift_y_down=&#8220;0&#8243; z_index=&#8220;0&#8243; medium_width=&#8220;4&#8243; mobile_width=&#8220;0&#8243; width=&#8220;6\/12&#8243; el_class=&#8220;image-card image-card-triple&#8220; uncode_shortcode_id=&#8220;327674&#8243;][vc_single_image media=&#8220;146151&#8243; media_lightbox=&#8220;yes&#8220; media_width_percent=&#8220;100&#8243; media_ratio=&#8220;one-one&#8220; alignment=&#8220;right&#8220; lbox_connected=&#8220;yes&#8220; uncode_shortcode_id=&#8220;101467&#8243;][vc_single_image media=&#8220;146149&#8243; media_lightbox=&#8220;yes&#8220; media_width_percent=&#8220;100&#8243; media_ratio=&#8220;one-one&#8220; alignment=&#8220;right&#8220; css_animation=&#8220;parallax&#8220; parallax_intensity=&#8220;2&#8243; lbox_connected=&#8220;yes&#8220; uncode_shortcode_id=&#8220;151857&#8243;][vc_single_image media=&#8220;146031&#8243; media_lightbox=&#8220;yes&#8220; media_width_percent=&#8220;100&#8243; media_ratio=&#8220;one-one&#8220; alignment=&#8220;right&#8220; css_animation=&#8220;parallax&#8220; parallax_intensity=&#8220;3&#8243; lbox_connected=&#8220;yes&#8220; uncode_shortcode_id=&#8220;943766&#8243;][uncode_vertical_text vertical_text_h_pos=&#8220;-1&#8243; z_index=&#8220;0&#8243; text_font=&#8220;font-469684&#8243; text_size=&#8220;h6&#8243; text_weight=&#8220;500&#8243; text_transform=&#8220;uppercase&#8220; text_space=&#8220;fontspace-210350&#8243; medium_visibility=&#8220;yes&#8220; mobile_visibility=&#8220;yes&#8220; uncode_shortcode_id=&#8220;111875&#8243;]Geb\u00e4ude[\/uncode_vertical_text][\/vc_column][vc_column column_width_percent=&#8220;100&#8243; position_horizontal=&#8220;left&#8220; position_vertical=&#8220;middle&#8220; gutter_size=&#8220;3&#8243; font_family=&#8220;font-469684&#8243; overlay_alpha=&#8220;50&#8243; shift_x=&#8220;0&#8243; shift_y=&#8220;0&#8243; shift_y_down=&#8220;0&#8243; z_index=&#8220;0&#8243; medium_width=&#8220;4&#8243; align_mobile=&#8220;align_center_mobile&#8220; mobile_width=&#8220;0&#8243; width=&#8220;6\/12&#8243; uncode_shortcode_id=&#8220;573911&#8243;][vc_custom_heading heading_semantic=&#8220;h3&#8243; text_font=&#8220;font-469684&#8243; text_size=&#8220;fontsize-155944&#8243; text_weight=&#8220;400&#8243; sub_lead=&#8220;yes&#8220; subheading=&#8220;Im Okotober 2005 wurde unser neuer Verkostungsraum fertiggestellt.<br \/>\nNehmen Sie Einblick in die Erweiterung unseres Betriebes.&#8220; uncode_shortcode_id=&#8220;205084&#8243; text_color_type=&#8220;uncode-palette&#8220; text_color_solid=&#8220;#ff0000&#8243;]Geb\u00e4ude[\/vc_custom_heading][\/vc_column][\/vc_row][vc_row unlock_row_content=&#8220;yes&#8220; row_height_percent=&#8220;45&#8243; back_image=&#8220;146200&#8243; parallax=&#8220;yes&#8220; overlay_color=&#8220;color-jevc&#8220; overlay_alpha=&#8220;19&#8243; gutter_size=&#8220;3&#8243; column_width_percent=&#8220;100&#8243; shift_y=&#8220;0&#8243; z_index=&#8220;0&#8243; content_parallax=&#8220;0&#8243; uncode_shortcode_id=&#8220;127996&#8243; overlay_color_type=&#8220;uncode-palette&#8220;][vc_column width=&#8220;1\/1&#8243;][\/vc_column][\/vc_row][vc_row row_height_percent=&#8220;0&#8243; override_padding=&#8220;yes&#8220; h_padding=&#8220;2&#8243; top_padding=&#8220;5&#8243; bottom_padding=&#8220;5&#8243; back_color=&#8220;color-lxmt&#8220; overlay_alpha=&#8220;50&#8243; gutter_size=&#8220;4&#8243; column_width_percent=&#8220;100&#8243; shift_y=&#8220;0&#8243; z_index=&#8220;0&#8243; inverted_device_order=&#8220;yes&#8220; uncode_shortcode_id=&#8220;719560&#8243; back_color_type=&#8220;uncode-palette&#8220;][vc_column column_width_percent=&#8220;100&#8243; position_horizontal=&#8220;left&#8220; position_vertical=&#8220;middle&#8220; gutter_size=&#8220;3&#8243; font_family=&#8220;font-469684&#8243; overlay_alpha=&#8220;50&#8243; shift_x=&#8220;0&#8243; shift_y=&#8220;0&#8243; shift_y_down=&#8220;0&#8243; z_index=&#8220;0&#8243; medium_width=&#8220;4&#8243; align_mobile=&#8220;align_center_mobile&#8220; mobile_width=&#8220;0&#8243; width=&#8220;1\/2&#8243; uncode_shortcode_id=&#8220;910195&#8243;][vc_custom_heading heading_semantic=&#8220;h3&#8243; text_font=&#8220;font-469684&#8243; text_size=&#8220;fontsize-155944&#8243; text_weight=&#8220;400&#8243; sub_lead=&#8220;yes&#8220; subheading=&#8220;Gols liegt am nord\u00f6stlichen Ufer des Neusiedler Sees (ca. 50km \u00f6stlich von Wien) im Weinbaugebiet Neusiedlersee.<\/p>\n<p>Das einzigartige Klima der pannonischen Tiefebene erm\u00f6glicht eine ebenso einzigartige Sorten- und Qualit\u00e4tsvielfalt. Unsere Produkte umfassen Qualit\u00e4tsweine, Sp\u00e4t- und Auslesen, sowie Beerenauslesen bis hin zu Eisweinen.<br \/>\nDiesen klimatischen Vorteil, den uns die Natrur beschert, versuchen wir durch unser K\u00f6nnen, unser Fachwissen und Erfahrung voll aus zu sch\u00f6pfen.&#8220; uncode_shortcode_id=&#8220;874352&#8243; text_color_type=&#8220;uncode-palette&#8220; text_color_solid=&#8220;#ff0000&#8243;]Lagen[\/vc_custom_heading][\/vc_column][vc_column column_width_percent=&#8220;100&#8243; gutter_size=&#8220;3&#8243; overlay_alpha=&#8220;50&#8243; shift_x=&#8220;0&#8243; shift_y=&#8220;0&#8243; shift_y_down=&#8220;0&#8243; z_index=&#8220;0&#8243; medium_width=&#8220;4&#8243; mobile_width=&#8220;0&#8243; width=&#8220;1\/2&#8243; el_class=&#8220;image-card image-card-inverted image-card-triple&#8220; uncode_shortcode_id=&#8220;222494&#8243;][vc_single_image media=&#8220;146172&#8243; media_lightbox=&#8220;yes&#8220; media_width_percent=&#8220;100&#8243; media_ratio=&#8220;one-one&#8220; alignment=&#8220;right&#8220; lbox_connected=&#8220;yes&#8220; uncode_shortcode_id=&#8220;136632&#8243;][vc_single_image media=&#8220;146076&#8243; media_lightbox=&#8220;yes&#8220; media_width_percent=&#8220;100&#8243; media_ratio=&#8220;one-one&#8220; alignment=&#8220;right&#8220; css_animation=&#8220;parallax&#8220; parallax_intensity=&#8220;2&#8243; lbox_connected=&#8220;yes&#8220; uncode_shortcode_id=&#8220;203741&#8243;][vc_single_image media=&#8220;146092&#8243; media_lightbox=&#8220;yes&#8220; media_width_percent=&#8220;100&#8243; media_ratio=&#8220;one-one&#8220; alignment=&#8220;right&#8220; css_animation=&#8220;parallax&#8220; parallax_intensity=&#8220;3&#8243; lbox_connected=&#8220;yes&#8220; uncode_shortcode_id=&#8220;124000&#8243;][uncode_vertical_text position=&#8220;right&#8220; flip=&#8220;yes&#8220; vertical_text_h_pos=&#8220;1&#8243; z_index=&#8220;0&#8243; text_font=&#8220;font-469684&#8243; text_size=&#8220;h6&#8243; text_weight=&#8220;500&#8243; text_transform=&#8220;uppercase&#8220; text_space=&#8220;fontspace-210350&#8243; medium_visibility=&#8220;yes&#8220; mobile_visibility=&#8220;yes&#8220; uncode_shortcode_id=&#8220;129195&#8243;]Lagen[\/uncode_vertical_text][\/vc_column][\/vc_row][vc_row unlock_row_content=&#8220;yes&#8220; row_height_percent=&#8220;45&#8243; back_image=&#8220;146237&#8243; parallax=&#8220;yes&#8220; overlay_color=&#8220;color-jevc&#8220; overlay_alpha=&#8220;30&#8243; gutter_size=&#8220;3&#8243; column_width_percent=&#8220;100&#8243; shift_y=&#8220;0&#8243; z_index=&#8220;0&#8243; content_parallax=&#8220;0&#8243; uncode_shortcode_id=&#8220;106930&#8243; overlay_color_type=&#8220;uncode-palette&#8220;][vc_column width=&#8220;1\/1&#8243;][\/vc_column][\/vc_row][vc_row row_height_percent=&#8220;0&#8243; override_padding=&#8220;yes&#8220; h_padding=&#8220;2&#8243; top_padding=&#8220;5&#8243; bottom_padding=&#8220;5&#8243; back_color=&#8220;color-xsdn&#8220; overlay_alpha=&#8220;50&#8243; gutter_size=&#8220;4&#8243; column_width_percent=&#8220;100&#8243; shift_y=&#8220;0&#8243; z_index=&#8220;0&#8243; content_parallax=&#8220;0&#8243; uncode_shortcode_id=&#8220;124418&#8243; back_color_type=&#8220;uncode-palette&#8220;][vc_column column_width_percent=&#8220;100&#8243; gutter_size=&#8220;3&#8243; overlay_alpha=&#8220;50&#8243; shift_x=&#8220;0&#8243; shift_y=&#8220;0&#8243; shift_y_down=&#8220;0&#8243; z_index=&#8220;0&#8243; medium_width=&#8220;4&#8243; mobile_width=&#8220;0&#8243; width=&#8220;6\/12&#8243; el_class=&#8220;image-card image-card-triple&#8220; uncode_shortcode_id=&#8220;327674&#8243;][vc_single_image media=&#8220;146159&#8243; media_lightbox=&#8220;yes&#8220; media_width_percent=&#8220;100&#8243; media_ratio=&#8220;one-one&#8220; alignment=&#8220;right&#8220; lbox_connected=&#8220;yes&#8220; uncode_shortcode_id=&#8220;433485&#8243;][vc_single_image media=&#8220;146166&#8243; media_lightbox=&#8220;yes&#8220; media_width_percent=&#8220;100&#8243; media_ratio=&#8220;one-one&#8220; alignment=&#8220;right&#8220; css_animation=&#8220;parallax&#8220; parallax_intensity=&#8220;2&#8243; lbox_connected=&#8220;yes&#8220; uncode_shortcode_id=&#8220;194215&#8243;][vc_single_image media=&#8220;146084&#8243; media_lightbox=&#8220;yes&#8220; media_width_percent=&#8220;100&#8243; media_ratio=&#8220;one-one&#8220; alignment=&#8220;right&#8220; css_animation=&#8220;parallax&#8220; parallax_intensity=&#8220;3&#8243; lbox_connected=&#8220;yes&#8220; uncode_shortcode_id=&#8220;141460&#8243;][uncode_vertical_text vertical_text_h_pos=&#8220;-1&#8243; z_index=&#8220;0&#8243; text_font=&#8220;font-469684&#8243; text_size=&#8220;h6&#8243; text_weight=&#8220;500&#8243; text_transform=&#8220;uppercase&#8220; text_space=&#8220;fontspace-210350&#8243; medium_visibility=&#8220;yes&#8220; mobile_visibility=&#8220;yes&#8220; uncode_shortcode_id=&#8220;113433&#8243;]Jahreszyklus[\/uncode_vertical_text][\/vc_column][vc_column column_width_percent=&#8220;100&#8243; position_horizontal=&#8220;left&#8220; position_vertical=&#8220;middle&#8220; gutter_size=&#8220;3&#8243; font_family=&#8220;font-469684&#8243; overlay_alpha=&#8220;50&#8243; shift_x=&#8220;0&#8243; shift_y=&#8220;0&#8243; shift_y_down=&#8220;0&#8243; z_index=&#8220;0&#8243; medium_width=&#8220;4&#8243; align_mobile=&#8220;align_center_mobile&#8220; mobile_width=&#8220;0&#8243; width=&#8220;6\/12&#8243; uncode_shortcode_id=&#8220;573911&#8243;][vc_custom_heading heading_semantic=&#8220;h3&#8243; text_font=&#8220;font-469684&#8243; text_size=&#8220;fontsize-155944&#8243; text_weight=&#8220;400&#8243; sub_lead=&#8220;yes&#8220; subheading=&#8220;Schonung und Gesunderhaltung der B\u00f6den, sortenentsprechende Erziehungsform und qualit\u00e4tsbezogene Laubarbeit sind Optimierungsschritte f\u00fcr vollreifes, gesundes Traubengut.<\/p>\n<p>Schon am Beginn des Jahres werden unsere Reben durch einen kurzen Schnitt in ihrem sp\u00e4teren Ertrag begrenzt.<br \/>\nDieses Prinzip der Mengenbegrenzung zu Gunsten qualitativ hochwertiger Weine wird im Fr\u00fchsommer fortgesetzt, wenn nach der Bl\u00fcte \u00fcberz\u00e4hlige Trauben entfernt werden.<br \/>\nSorgf\u00e4ltige Laubarbeit im Sommer sind ebenfalls sehr entscheidende Ma\u00dfnahmen zur Kelterung eines optimalen &#8211; im Sinne von reif und gesund &#8211; Traubenmaterials.<br \/>\nDie Bestimmung des richtigen Lesezeitpunktes, und eine sorgf\u00e4ltige Verarbeitung, wie Maischestandzeit, schwaches Anpressen, Abtrennen der Trubstoffe vor der G\u00e4rung, temperaturgesteuerte alkoholische G\u00e4rung &#8211; sind ma\u00dfgebliche Schritte um Spitzenweine produzieren zu k\u00f6nnen.<\/p>\n<p>Das einzigartige Klima der pannonischen Tiefebene erm\u00f6glicht eine einzigartige Sorten- und Qualit\u00e4tsvielfalt (Von Qualit\u00e4tswein, Sp\u00e4t- und Auslesen, \u00fcber Beerenauslesen bis hin zu Eisweinen).&#8220; uncode_shortcode_id=&#8220;989009&#8243; text_color_type=&#8220;uncode-palette&#8220; text_color_solid=&#8220;#ff0000&#8243;]Jahreszyklus[\/vc_custom_heading][\/vc_column][\/vc_row]<\/p>\n<\/div>","protected":false},"excerpt":{"rendered":"<p>If you&#8217;d like to discuss working with us, find out more about the range of services we have to offer, or just want to have a chat, please get in touch.<\/p>\n","protected":false},"author":1,"featured_media":0,"parent":0,"menu_order":0,"comment_status":"open","ping_status":"closed","template":"","meta":{"footnotes":""},"class_list":["post-145840","page","type-page","status-publish","hentry"],"_links":{"self":[{"href":"https:\/\/www.wein-schmelzer.at\/index.php\/wp-json\/wp\/v2\/pages\/145840","targetHints":{"allow":["GET"]}}],"collection":[{"href":"https:\/\/www.wein-schmelzer.at\/index.php\/wp-json\/wp\/v2\/pages"}],"about":[{"href":"https:\/\/www.wein-schmelzer.at\/index.php\/wp-json\/wp\/v2\/types\/page"}],"author":[{"embeddable":true,"href":"https:\/\/www.wein-schmelzer.at\/index.php\/wp-json\/wp\/v2\/users\/1"}],"replies":[{"embeddable":true,"href":"https:\/\/www.wein-schmelzer.at\/index.php\/wp-json\/wp\/v2\/comments?post=145840"}],"version-history":[{"count":23,"href":"https:\/\/www.wein-schmelzer.at\/index.php\/wp-json\/wp\/v2\/pages\/145840\/revisions"}],"predecessor-version":[{"id":146261,"href":"https:\/\/www.wein-schmelzer.at\/index.php\/wp-json\/wp\/v2\/pages\/145840\/revisions\/146261"}],"wp:attachment":[{"href":"https:\/\/www.wein-schmelzer.at\/index.php\/wp-json\/wp\/v2\/media?parent=145840"}],"curies":[{"name":"wp","href":"https:\/\/api.w.org\/{rel}","templated":true}]}}