{"id":145842,"date":"2024-10-31T12:43:18","date_gmt":"2024-10-31T12:43:18","guid":{"rendered":"https:\/\/wein-schmelzer.at\/wordpress\/?page_id=145842"},"modified":"2025-03-07T10:22:28","modified_gmt":"2025-03-07T10:22:28","slug":"contact-classic-2-2","status":"publish","type":"page","link":"https:\/\/www.wein-schmelzer.at\/index.php\/contact-classic-2-2\/","title":{"rendered":"AGB"},"content":{"rendered":"<div class=\"wpb-content-wrapper\"><p>[vc_row row_height_percent=&#8220;50&#8243; override_padding=&#8220;yes&#8220; h_padding=&#8220;2&#8243; top_padding=&#8220;7&#8243; bottom_padding=&#8220;7&#8243; back_color=&#8220;color-wayh&#8220; back_image=&#8220;146134&#8243; overlay_color=&#8220;color-jevc&#8220; overlay_alpha=&#8220;40&#8243; gutter_size=&#8220;3&#8243; column_width_percent=&#8220;100&#8243; shift_y=&#8220;0&#8243; z_index=&#8220;0&#8243; enable_top_divider=&#8220;default&#8220; top_divider=&#8220;gradient&#8220; shape_top_h_use_pixel=&#8220;true&#8220; shape_top_height_percent=&#8220;100&#8243; shape_top_color=&#8220;color-wayh&#8220; shape_top_opacity=&#8220;25&#8243; shape_top_index=&#8220;0&#8243; content_parallax=&#8220;0&#8243; row_name=&#8220;Welcome&#8220; uncode_shortcode_id=&#8220;169268&#8243; back_color_type=&#8220;uncode-palette&#8220; overlay_color_type=&#8220;uncode-palette&#8220; shape_top_color_type=&#8220;uncode-palette&#8220;][vc_column column_width_use_pixel=&#8220;yes&#8220; position_vertical=&#8220;middle&#8220; align_horizontal=&#8220;align_center&#8220; gutter_size=&#8220;3&#8243; style=&#8220;dark&#8220; overlay_alpha=&#8220;50&#8243; shift_x=&#8220;0&#8243; shift_y=&#8220;0&#8243; shift_y_down=&#8220;0&#8243; z_index=&#8220;0&#8243; medium_width=&#8220;0&#8243; mobile_width=&#8220;0&#8243; zoom_width=&#8220;0&#8243; zoom_height=&#8220;0&#8243; width=&#8220;1\/1&#8243; column_width_pixel=&#8220;900&#8243;][vc_custom_heading text_font=&#8220;font-136269&#8243; text_size=&#8220;fontsize-445851&#8243; text_weight=&#8220;500&#8243; text_space=&#8220;fontspace-781688&#8243; uncode_shortcode_id=&#8220;157814&#8243;]Allgemeine Gesch\u00e4ftsbedingungen[\/vc_custom_heading][\/vc_column][\/vc_row][vc_row row_height_percent=&#8220;0&#8243; override_padding=&#8220;yes&#8220; h_padding=&#8220;2&#8243; top_padding=&#8220;5&#8243; bottom_padding=&#8220;5&#8243; overlay_alpha=&#8220;50&#8243; gutter_size=&#8220;3&#8243; column_width_percent=&#8220;100&#8243; shift_y=&#8220;0&#8243; z_index=&#8220;0&#8243;][vc_column column_width_percent=&#8220;100&#8243; align_horizontal=&#8220;align_center&#8220; gutter_size=&#8220;3&#8243; font_family=&#8220;font-136269&#8243; overlay_alpha=&#8220;50&#8243; shift_x=&#8220;0&#8243; shift_y=&#8220;0&#8243; shift_y_down=&#8220;0&#8243; z_index=&#8220;0&#8243; medium_width=&#8220;0&#8243; mobile_width=&#8220;0&#8243; width=&#8220;1\/1&#8243; uncode_shortcode_id=&#8220;102625&#8243;][vc_row_inner limit_content=&#8220;&#8220;][vc_column_inner column_width_use_pixel=&#8220;yes&#8220; align_horizontal=&#8220;align_center&#8220; gutter_size=&#8220;2&#8243; overlay_alpha=&#8220;50&#8243; shift_x=&#8220;0&#8243; shift_y=&#8220;0&#8243; shift_y_down=&#8220;0&#8243; z_index=&#8220;0&#8243; medium_width=&#8220;0&#8243; mobile_width=&#8220;0&#8243; width=&#8220;1\/1&#8243; column_width_pixel=&#8220;600&#8243;][vc_column_text uncode_shortcode_id=&#8220;104787&#8243;]<\/p>\n<nav id=\"main-nav\" role=\"navigation\"><\/nav>\n<div id=\"container\">\n<footer class=\"footer\" role=\"contentinfo\">\n<div id=\"inner-footer\" class=\"clearfix\">\n<div class=\"clearfix row\">\n<nav class=\"\" role=\"navigation\">\n<p style=\"font-weight: 400;\"><strong>Allgemeine Gesch\u00e4ftsbedingungen<\/strong><\/p>\n<p style=\"font-weight: 400;\"><strong>Nutzungsbedingungen<\/strong><br \/>\nDie Inhalte dieser Website dienen ausschlie\u00dflich der Information. Die Informationen sind nur f\u00fcr die pers\u00f6nliche Verwendung bestimmt. Jede weitergehende Nutzung insbesondere die Speicherung in Datenbanken, Vervielf\u00e4ltigung und jede Form von gewerblicher Nutzung sowie die Weitergabe an Dritte \u2013 auch in Teilen oder in \u00fcberarbeiteter Form \u2013 ohne Zustimmung des Website-Inhabers ist untersagt. Hyperlinks auf diese Website sind willkommen. Jede Einbindung einzelner Seiten unseres Angebotes in fremde Frames ist zu unterlassen.<br \/>\nEs kommen durch die Nutzung der Auswahlm\u00f6glichkeiten der Website keinerlei Rechtsgesch\u00e4fte zwischen Eigent\u00fcmer und Nutzern zu Stande. Die weitere Vorgangsweise zwischen Anbieter und Nutzern liegt im ausschlie\u00dflichen Ermessen der Nutzer. Der Nutzung von im Rahmen der Impressumspflicht ver\u00f6ffentlichten Kontaktdaten durch Dritte zur \u00dcbersendung von nicht ausdr\u00fccklich angeforderter Werbung und Informationsmaterialien wird hiermit ausdr\u00fccklich widersprochen. Die Betreiber der Seiten behalten sich ausdr\u00fccklich rechtliche Schritte im Falle der unverlangten Zusendung von Werbeinformationen, etwa durch Spam-Mails, vor.<\/p>\n<p style=\"font-weight: 400;\"><strong>Haftungsausschluss<\/strong><br \/>\nIm Hinblick auf die technischen Eigenschaften des Internets kann keine Gew\u00e4hr f\u00fcr die Authentizit\u00e4t, Richtigkeit und Vollst\u00e4ndigkeit der im Internet zur Verf\u00fcgung gestellten Informationen \u00fcbernommen werden. Es wird auch keine Gew\u00e4hr f\u00fcr die Verf\u00fcgbarkeit oder den Betrieb der gegenst\u00e4ndlichen Homepage und ihrer Inhalte \u00fcbernommen. Jede Haftung f\u00fcr unmittelbare, mittelbare oder sonstige Sch\u00e4den, unabh\u00e4ngig von deren Ursachen, die aus der Benutzung oder Nichtverf\u00fcgbarkeit der Daten und Informationen dieser Homepage erwachsen, wird, soweit rechtlich zul\u00e4ssig, ausgeschlossen.<\/p>\n<ol>\n<li style=\"font-weight: 400;\"><strong> LIEFERKONDITIONEN<\/strong><\/li>\n<\/ol>\n<p style=\"font-weight: 400;\"><strong>Liefergebiet<\/strong><br \/>\nWir liefern innerhalb der EU (bei Bestellungen au\u00dferhalb der von uns angegeben L\u00e4ndern, kontaktieren Sie uns bitte wegen der Versandkosten)<\/p>\n<p style=\"font-weight: 400;\"><strong>Mindestbestellmenge<\/strong><br \/>\nDie kleinste Bestellmenge ist 1 Flasche. Ein Mindestbestellwert wird nicht vorgegeben. Individuelle Probierpakete sind mit allen Produkten m\u00f6glich.<\/p>\n<p style=\"font-weight: 400;\"><strong>Auslieferung<\/strong><br \/>\nDie Auslieferung der Ware erfolgt in Kartons durch Post, Bahn oder Spedition.<\/p>\n<p style=\"font-weight: 400;\"><strong>Verpackung<\/strong><br \/>\nNach Bedarf werden die Flaschen in spezielle Versandkartons umgepackt.<\/p>\n<p style=\"font-weight: 400;\">Ihr Beitrag f\u00fcr eine schnelle Anlieferung: Bitte sorgen Sie daf\u00fcr, dass die Ware auch tats\u00e4chlich bei Ihnen angeliefert werden kann.<\/p>\n<p style=\"font-weight: 400;\">\u00a0\u00a0\u00a0\u00a0\u00a0\u00a0\u00a0\u00a0\u00a0\u00a0\u00a0\u00a0\u00a0\u00a0\u00a0\u00a0\u00a0\u00a0\u00a0\u00a0\u00a0\u00a0\u00a0\u00a0\u00a0\u00a0\u00a0\u00a0\u00a0\u00a0\u00a0\u00a0\u00a0\u00a0\u00a0\u00a0\u00a0\u00a0\u00a0\u00a0\u00a0\u00a0\u00a0\u00a0\u00a0\u00a0\u00a0\u00a0\u00a0\u00a0\u00a0\u00a0\u00a0\u00a0\u00a0\u00a0\u00a0\u00a0\u00a0\u00a0\u00a0\u00a0\u00a0\u00a0\u00a0\u00a0\u00a0\u00a0\u00a0\u00a0\u00a0\u00a0\u00a0\u00a0 2<\/p>\n<p style=\"font-weight: 400;\">Sofern Sie pers\u00f6nlich nicht zu Hause sind, k\u00f6nnen Sie als Lieferadresse auch einen Nachbarn oder die Anschrift Ihres Arbeitsplatzes angeben.<\/p>\n<p style=\"font-weight: 400;\"><strong>Versandkosten<\/strong><br \/>\nDie Zuzahlung f\u00fcr Fracht und Verpackung h\u00e4ngt von Ihrer Bestellmenge (Einkaufswert in Euro) ab.<\/p>\n<p style=\"font-weight: 400;\"><strong>Lieferbedingungen<\/strong><br \/>\nIm Falle einer Nichtverf\u00fcgbarkeit der bestellten Ware behalten wir uns vor, eine in Qualit\u00e4t und Preis gleichwertige Leistung zu erbringen.<br \/>\nIm Falle einer Nichtverf\u00fcgbarkeit der bestellten Ware behalten wir uns vor, nicht zu liefern.<br \/>\nBereits geleistete Zahlungen werden dann umgehend zur\u00fcckerstattet. In der Regel informieren wir Sie in diesen F\u00e4llen.<\/p>\n<p style=\"font-weight: 400;\"><strong>Reklamationen und R\u00fccksendungen<\/strong><br \/>\nSollte die gelieferte Ware Transportsch\u00e4den aufweisen, so lassen Sie sich dies bitte sofort vom Zusteller auf einem formlosen Schreiben best\u00e4tigen.<br \/>\nSetzen Sie sich innerhalb von 48 Std. mit uns in Verbindung und sehen Sie bis dahin bitte von einer R\u00fccksendung der Ware ab.<\/p>\n<ol start=\"2\">\n<li style=\"font-weight: 400;\"><strong> ZAHLUNGSKONDITIONEN<\/strong><\/li>\n<\/ol>\n<p style=\"font-weight: 400;\">Bei Erst-Bestellung Vorauskasse \u2013 sonst jeweils nach Vereinbarung.<\/p>\n<p style=\"font-weight: 400;\">Bei Ab Hof Kauf: Mastercard (Bankomat) oder Barzahlung.<\/p>\n<ol start=\"3\">\n<li style=\"font-weight: 400;\"><strong> SONSTIGE BESTIMMUNGEN ZUM KAUF UND ZUR LIEFERUNG<\/strong><\/li>\n<\/ol>\n<p style=\"font-weight: 400;\"><strong>Zustandekommen des Kaufvertrages<\/strong><br \/>\nDer Kaufvertrag kommt durch die Online-Bestellung des K\u00e4ufers zustande, die wir telefonisch oder per E-mail best\u00e4tigen.<\/p>\n<p style=\"font-weight: 400;\"><strong>Preisangaben<\/strong><br \/>\nAlle Preise sind Endpreis in EUR inklusive der jeweils in \u00d6sterreich g\u00fcltigen Mehrwertsteuer. Es gelten die Preise zum Zeitpunkt der Bestellung.<\/p>\n<p style=\"font-weight: 400;\"><strong>Jahrgangs-Angaben<\/strong><br \/>\nDie Flaschenabbildungen entsprechen nicht immer den aktuell lieferbaren Jahrg\u00e4ngen. Wir behalten uns vor, bei Ausverkauf eines Jahrganges den jeweiligen Nachfolgejahrgang zu li<strong>efer<\/strong>n.<\/p>\n<p style=\"font-weight: 400;\"><strong>Sonstiges<\/strong><br \/>\nUnser Angebot ist freibleibend, Zwischenverk\u00e4ufe sind vorbehalten. Die ausgewiesenen Preise sind bis zu ihrer Aktualisierung verbindlich. Preis\u00e4nderungen und Druckfehler vorbehalten.<br \/>\nDie Ware bleibt bis zur vollst\u00e4ndigen Zahlung unser Eigentum.<\/p>\n<p style=\"font-weight: 400;\"><em>Stand der Allgemeinen Gesch\u00e4ftsbedingungen: 31.12.2024<\/em><\/p>\n<p style=\"font-weight: 400;\"><em>\u00a0\u00a0\u00a0\u00a0\u00a0\u00a0\u00a0\u00a0\u00a0\u00a0\u00a0\u00a0\u00a0\u00a0\u00a0\u00a0\u00a0\u00a0\u00a0\u00a0\u00a0\u00a0\u00a0\u00a0\u00a0\u00a0\u00a0\u00a0\u00a0\u00a0\u00a0\u00a0\u00a0\u00a0\u00a0\u00a0\u00a0\u00a0\u00a0\u00a0\u00a0\u00a0\u00a0\u00a0\u00a0\u00a0\u00a0\u00a0\u00a0\u00a0\u00a0\u00a0\u00a0\u00a0\u00a0\u00a0\u00a0\u00a0\u00a0\u00a0\u00a0\u00a0\u00a0\u00a0\u00a0\u00a0\u00a0\u00a0\u00a0 <\/em>3<\/p>\n<ol start=\"4\">\n<li style=\"font-weight: 400;\"><strong> \u00c4nderung der AGB<\/strong><br \/>\nDie Horst &amp; Georg Schmelzer GesnbR beh\u00e4lt sich vor die Allgemeinen Gesch\u00e4fts-bedingungen zu \u00e4ndern\/anzupassen. Solche \u00c4nderungen gelten jedoch nicht f\u00fcr bereits abgegebene Bestellungen. Mit der Abgabe einer Bestellung werden die jeweils g\u00fcltigen AGBs anerkannt.<\/li>\n<li style=\"font-weight: 400;\"><strong> Gerichtsstand<br \/>\n<\/strong>Bezirksgericht Neusiedl am See, \u00d6sterreich.<br \/>\nF\u00fcr alle, im Zusammenhang mit der Gesch\u00e4ftsbeziehung, entstehenden Meinungsverschiedenheiten und Rechtsstreitigkeiten gilt \u00f6sterreichisches Recht.<\/li>\n<li style=\"font-weight: 400;\"><strong> KONTAKTADRESSE<\/strong><\/li>\n<\/ol>\n<p style=\"font-weight: 400;\">Weingut Horst &amp; Georg Schmelzer GesnbR<br \/>\nNeubaugasse 29, A-7122 Gols<br \/>\nTelefon: +43 \u2013 (0)2173 \u2013 3490<\/p>\n<p style=\"font-weight: 400;\">Telefax: +43 \u2013 (0)2173 \u2013 20034<\/p>\n<p style=\"font-weight: 400;\">E-mail: <a href=\"mailto:info@wein-schmelzer.at\">info@wein-schmelzer.at<\/a><\/p>\n<p style=\"font-weight: 400;\"><strong>Bankverbindung:<\/strong><\/p>\n<p style=\"font-weight: 400;\">UniCredidt Bank Austria<\/p>\n<p style=\"font-weight: 400;\">IBAN: AT87 1200 0504 4904 5700<\/p>\n<p style=\"font-weight: 400;\">BIC: BKAUATWW<\/p>\n<p style=\"font-weight: 400;\">\n<\/nav>\n<\/div>\n<\/div>\n<\/footer>\n<\/div>\n<p>[\/vc_column_text][\/vc_column_inner][\/vc_row_inner][\/vc_column][\/vc_row]<\/p>\n<\/div>","protected":false},"excerpt":{"rendered":"<p>If you&#8217;d like to discuss working with us, find out more about the range of services we have to offer, or just want to have a chat, please get in touch.<\/p>\n","protected":false},"author":1,"featured_media":0,"parent":0,"menu_order":0,"comment_status":"open","ping_status":"closed","template":"","meta":{"footnotes":""},"class_list":["post-145842","page","type-page","status-publish","hentry"],"_links":{"self":[{"href":"https:\/\/www.wein-schmelzer.at\/index.php\/wp-json\/wp\/v2\/pages\/145842","targetHints":{"allow":["GET"]}}],"collection":[{"href":"https:\/\/www.wein-schmelzer.at\/index.php\/wp-json\/wp\/v2\/pages"}],"about":[{"href":"https:\/\/www.wein-schmelzer.at\/index.php\/wp-json\/wp\/v2\/types\/page"}],"author":[{"embeddable":true,"href":"https:\/\/www.wein-schmelzer.at\/index.php\/wp-json\/wp\/v2\/users\/1"}],"replies":[{"embeddable":true,"href":"https:\/\/www.wein-schmelzer.at\/index.php\/wp-json\/wp\/v2\/comments?post=145842"}],"version-history":[{"count":6,"href":"https:\/\/www.wein-schmelzer.at\/index.php\/wp-json\/wp\/v2\/pages\/145842\/revisions"}],"predecessor-version":[{"id":146219,"href":"https:\/\/www.wein-schmelzer.at\/index.php\/wp-json\/wp\/v2\/pages\/145842\/revisions\/146219"}],"wp:attachment":[{"href":"https:\/\/www.wein-schmelzer.at\/index.php\/wp-json\/wp\/v2\/media?parent=145842"}],"curies":[{"name":"wp","href":"https:\/\/api.w.org\/{rel}","templated":true}]}}