{"id":145845,"date":"2024-10-31T12:45:32","date_gmt":"2024-10-31T12:45:32","guid":{"rendered":"https:\/\/wein-schmelzer.at\/wordpress\/?page_id=145845"},"modified":"2024-11-14T10:22:03","modified_gmt":"2024-11-14T10:22:03","slug":"contact-classic-2-3","status":"publish","type":"page","link":"https:\/\/www.wein-schmelzer.at\/index.php\/contact-classic-2-3\/","title":{"rendered":"Unsere Weine"},"content":{"rendered":"<div class=\"wpb-content-wrapper\"><p>[vc_row row_height_percent=&#8220;65&#8243; override_padding=&#8220;yes&#8220; h_padding=&#8220;2&#8243; top_padding=&#8220;7&#8243; bottom_padding=&#8220;7&#8243; back_color=&#8220;color-wayh&#8220; back_image=&#8220;146199&#8243; back_position=&#8220;center bottom&#8220; overlay_color=&#8220;color-jevc&#8220; overlay_alpha=&#8220;40&#8243; gutter_size=&#8220;3&#8243; column_width_percent=&#8220;100&#8243; shift_y=&#8220;0&#8243; z_index=&#8220;0&#8243; enable_top_divider=&#8220;default&#8220; top_divider=&#8220;gradient&#8220; shape_top_h_use_pixel=&#8220;true&#8220; shape_top_height_percent=&#8220;100&#8243; shape_top_color=&#8220;color-wayh&#8220; shape_top_opacity=&#8220;25&#8243; shape_top_index=&#8220;0&#8243; content_parallax=&#8220;0&#8243; row_name=&#8220;Welcome&#8220; uncode_shortcode_id=&#8220;198574&#8243; back_color_type=&#8220;uncode-palette&#8220; overlay_color_type=&#8220;uncode-palette&#8220; shape_top_color_type=&#8220;uncode-palette&#8220;][vc_column column_width_use_pixel=&#8220;yes&#8220; position_vertical=&#8220;middle&#8220; align_horizontal=&#8220;align_center&#8220; gutter_size=&#8220;3&#8243; style=&#8220;dark&#8220; overlay_alpha=&#8220;50&#8243; shift_x=&#8220;0&#8243; shift_y=&#8220;0&#8243; shift_y_down=&#8220;0&#8243; z_index=&#8220;0&#8243; medium_width=&#8220;0&#8243; mobile_width=&#8220;0&#8243; zoom_width=&#8220;0&#8243; zoom_height=&#8220;0&#8243; width=&#8220;1\/1&#8243; column_width_pixel=&#8220;900&#8243;][vc_custom_heading text_font=&#8220;font-136269&#8243; text_size=&#8220;fontsize-445851&#8243; text_weight=&#8220;500&#8243; text_space=&#8220;fontspace-781688&#8243; uncode_shortcode_id=&#8220;114588&#8243;]Unsere Weine[\/vc_custom_heading][\/vc_column][\/vc_row][vc_row row_height_percent=&#8220;0&#8243; override_padding=&#8220;yes&#8220; h_padding=&#8220;2&#8243; top_padding=&#8220;4&#8243; bottom_padding=&#8220;4&#8243; overlay_alpha=&#8220;50&#8243; gutter_size=&#8220;3&#8243; column_width_percent=&#8220;100&#8243; shift_y=&#8220;0&#8243; z_index=&#8220;0&#8243; content_parallax=&#8220;0&#8243; uncode_shortcode_id=&#8220;175064&#8243;][vc_column width=&#8220;1\/3&#8243;][vc_custom_heading heading_semantic=&#8220;h3&#8243; text_font=&#8220;font-469684&#8243; text_size=&#8220;fontsize-155944&#8243; text_weight=&#8220;400&#8243; sub_lead=&#8220;yes&#8220; subheading=&#8220;Unsere Rotweine werden generell mit biologischem S\u00e4ureabbau ausgebaut. Dadurch erhalten diese Geschmeidigkeit, F\u00fclle und gute Lagerf\u00e4higkeit. Die Reifung der Rotweine erfolgt bei traditioneller Ausbauart im Holzfass bzw. Barriques und dauert je nach qualit\u00e4tsm\u00e4\u00dfiger Erfordernis zwischen 10-20 Monaten.&#8220; uncode_shortcode_id=&#8220;642351&#8243;]Rotweine[\/vc_custom_heading][\/vc_column][vc_column width=&#8220;1\/3&#8243;][vc_custom_heading heading_semantic=&#8220;h3&#8243; text_font=&#8220;font-469684&#8243; text_size=&#8220;fontsize-155944&#8243; text_weight=&#8220;400&#8243; sub_lead=&#8220;yes&#8220; subheading=&#8220;Die teils internationale Ausrichtung ist daf\u00fcr verantwortlich, dass der Wei\u00dfwein &#8211; f\u00fcr Golser Verh\u00e4ltnisse &#8211; einen gro\u00dfen Anteil betr\u00e4gt. Der Ausbau der Wei\u00dfweine erfolgt in Edelstahltanks.&#8220; uncode_shortcode_id=&#8220;660942&#8243;]Wei\u00dfweine[\/vc_custom_heading][\/vc_column][vc_column width=&#8220;1\/3&#8243;][vc_custom_heading heading_semantic=&#8220;h3&#8243; text_font=&#8220;font-469684&#8243; text_size=&#8220;fontsize-155944&#8243; text_weight=&#8220;400&#8243; sub_lead=&#8220;yes&#8220; subheading=&#8220;F\u00fcr Pr\u00e4dikatsweine braucht man Fingerspitzengef\u00fchl. Idealerweise enthalten sie ein B\u00fcndel Aromen, hinterlegt von schmeichlerischer S\u00fc\u00dfe. S\u00fc\u00dfweine reifen je nach Art und Erfordernissen im Edelstahltank bzw. im Fass. Bei h\u00f6heren Pr\u00e4dikatsstufen in Akazienf\u00e4ssern oder Barriques.&#8220; uncode_shortcode_id=&#8220;275455&#8243;]Pr\u00e4dikatsweine[\/vc_custom_heading][\/vc_column][\/vc_row][vc_row row_height_percent=&#8220;0&#8243; back_color=&#8220;color-lxmt&#8220; overlay_alpha=&#8220;50&#8243; gutter_size=&#8220;3&#8243; column_width_percent=&#8220;100&#8243; shift_y=&#8220;0&#8243; z_index=&#8220;0&#8243; content_parallax=&#8220;0&#8243; uncode_shortcode_id=&#8220;128544&#8243; back_color_type=&#8220;uncode-palette&#8220;][vc_column width=&#8220;1\/1&#8243;][uncode_index el_id=&#8220;index-503914&#8243; loop=&#8220;size:99|order_by:date|post_type:portfolio|taxonomy_count:10&#8243; screen_lg=&#8220;1000&#8243; screen_md=&#8220;600&#8243; screen_sm=&#8220;480&#8243; filtering=&#8220;yes&#8220; gutter_size=&#8220;3&#8243; post_items=&#8220;media|featured|onpost|original,title&#8220; single_overlay_opacity=&#8220;50&#8243; single_padding=&#8220;2&#8243; uncode_shortcode_id=&#8220;168920&#8243;][\/vc_column][\/vc_row][vc_row row_height_percent=&#8220;45&#8243; back_image=&#8220;146203&#8243; parallax=&#8220;yes&#8220; overlay_color=&#8220;color-jevc&#8220; overlay_alpha=&#8220;20&#8243; gutter_size=&#8220;3&#8243; column_width_percent=&#8220;100&#8243; shift_y=&#8220;0&#8243; z_index=&#8220;0&#8243; content_parallax=&#8220;0&#8243; uncode_shortcode_id=&#8220;674766&#8243; overlay_color_type=&#8220;uncode-palette&#8220;][vc_column width=&#8220;1\/1&#8243;][\/vc_column][\/vc_row]<\/p>\n<\/div>","protected":false},"excerpt":{"rendered":"<p>If you&#8217;d like to discuss working with us, find out more about the range of services we have to offer, or just want to have a chat, please get in touch.<\/p>\n","protected":false},"author":1,"featured_media":0,"parent":0,"menu_order":0,"comment_status":"open","ping_status":"closed","template":"","meta":{"footnotes":""},"class_list":["post-145845","page","type-page","status-publish","hentry"],"_links":{"self":[{"href":"https:\/\/www.wein-schmelzer.at\/index.php\/wp-json\/wp\/v2\/pages\/145845","targetHints":{"allow":["GET"]}}],"collection":[{"href":"https:\/\/www.wein-schmelzer.at\/index.php\/wp-json\/wp\/v2\/pages"}],"about":[{"href":"https:\/\/www.wein-schmelzer.at\/index.php\/wp-json\/wp\/v2\/types\/page"}],"author":[{"embeddable":true,"href":"https:\/\/www.wein-schmelzer.at\/index.php\/wp-json\/wp\/v2\/users\/1"}],"replies":[{"embeddable":true,"href":"https:\/\/www.wein-schmelzer.at\/index.php\/wp-json\/wp\/v2\/comments?post=145845"}],"version-history":[{"count":22,"href":"https:\/\/www.wein-schmelzer.at\/index.php\/wp-json\/wp\/v2\/pages\/145845\/revisions"}],"predecessor-version":[{"id":146207,"href":"https:\/\/www.wein-schmelzer.at\/index.php\/wp-json\/wp\/v2\/pages\/145845\/revisions\/146207"}],"wp:attachment":[{"href":"https:\/\/www.wein-schmelzer.at\/index.php\/wp-json\/wp\/v2\/media?parent=145845"}],"curies":[{"name":"wp","href":"https:\/\/api.w.org\/{rel}","templated":true}]}}