{"id":145855,"date":"2024-10-31T12:52:42","date_gmt":"2024-10-31T12:52:42","guid":{"rendered":"https:\/\/wein-schmelzer.at\/wordpress\/?page_id=145855"},"modified":"2024-11-14T10:42:08","modified_gmt":"2024-11-14T10:42:08","slug":"contact-classic-2-2-2-2","status":"publish","type":"page","link":"https:\/\/www.wein-schmelzer.at\/index.php\/contact-classic-2-2-2-2\/","title":{"rendered":"Datenschutz"},"content":{"rendered":"<div class=\"wpb-content-wrapper\"><p>[vc_row row_height_percent=&#8220;50&#8243; override_padding=&#8220;yes&#8220; h_padding=&#8220;2&#8243; top_padding=&#8220;7&#8243; bottom_padding=&#8220;7&#8243; back_color=&#8220;color-wayh&#8220; back_image=&#8220;146141&#8243; overlay_color=&#8220;color-jevc&#8220; overlay_alpha=&#8220;40&#8243; gutter_size=&#8220;3&#8243; column_width_percent=&#8220;100&#8243; shift_y=&#8220;0&#8243; z_index=&#8220;0&#8243; enable_top_divider=&#8220;default&#8220; top_divider=&#8220;gradient&#8220; shape_top_h_use_pixel=&#8220;true&#8220; shape_top_height_percent=&#8220;100&#8243; shape_top_color=&#8220;color-wayh&#8220; shape_top_opacity=&#8220;25&#8243; shape_top_index=&#8220;0&#8243; content_parallax=&#8220;0&#8243; row_name=&#8220;Welcome&#8220; uncode_shortcode_id=&#8220;644260&#8243; back_color_type=&#8220;uncode-palette&#8220; overlay_color_type=&#8220;uncode-palette&#8220; shape_top_color_type=&#8220;uncode-palette&#8220;][vc_column column_width_use_pixel=&#8220;yes&#8220; position_vertical=&#8220;middle&#8220; align_horizontal=&#8220;align_center&#8220; gutter_size=&#8220;3&#8243; style=&#8220;dark&#8220; overlay_alpha=&#8220;50&#8243; shift_x=&#8220;0&#8243; shift_y=&#8220;0&#8243; shift_y_down=&#8220;0&#8243; z_index=&#8220;0&#8243; medium_width=&#8220;0&#8243; mobile_width=&#8220;0&#8243; zoom_width=&#8220;0&#8243; zoom_height=&#8220;0&#8243; width=&#8220;1\/1&#8243; column_width_pixel=&#8220;900&#8243;][vc_custom_heading text_font=&#8220;font-136269&#8243; text_size=&#8220;fontsize-445851&#8243; text_weight=&#8220;500&#8243; text_space=&#8220;fontspace-781688&#8243; uncode_shortcode_id=&#8220;170616&#8243;]Datenschutz[\/vc_custom_heading][\/vc_column][\/vc_row][vc_row row_height_percent=&#8220;0&#8243; override_padding=&#8220;yes&#8220; h_padding=&#8220;2&#8243; top_padding=&#8220;5&#8243; bottom_padding=&#8220;5&#8243; overlay_alpha=&#8220;50&#8243; gutter_size=&#8220;3&#8243; column_width_percent=&#8220;100&#8243; shift_y=&#8220;0&#8243; z_index=&#8220;0&#8243;][vc_column column_width_percent=&#8220;100&#8243; align_horizontal=&#8220;align_center&#8220; gutter_size=&#8220;3&#8243; font_family=&#8220;font-136269&#8243; overlay_alpha=&#8220;50&#8243; shift_x=&#8220;0&#8243; shift_y=&#8220;0&#8243; shift_y_down=&#8220;0&#8243; z_index=&#8220;0&#8243; medium_width=&#8220;0&#8243; mobile_width=&#8220;0&#8243; width=&#8220;1\/1&#8243; uncode_shortcode_id=&#8220;102625&#8243;][vc_row_inner limit_content=&#8220;&#8220;][vc_column_inner column_width_use_pixel=&#8220;yes&#8220; align_horizontal=&#8220;align_center&#8220; gutter_size=&#8220;2&#8243; overlay_alpha=&#8220;50&#8243; shift_x=&#8220;0&#8243; shift_y=&#8220;0&#8243; shift_y_down=&#8220;0&#8243; z_index=&#8220;0&#8243; medium_width=&#8220;0&#8243; mobile_width=&#8220;0&#8243; width=&#8220;1\/1&#8243; column_width_pixel=&#8220;600&#8243;][vc_column_text uncode_shortcode_id=&#8220;384531&#8243;]<\/p>\n<h3>DATENSCHUTZERKL\u00c4RUNG<\/h3>\n<div>Verantwortliche Stelle im Sinne der Datenschutzgesetze, insbesondere der EU-Datenschutzgrundverordnung (DSGVO), ist:<\/div>\n<div>Georg &amp; Horst Schmelzer<br \/>\nNeubaugasse 29<br \/>\nA-7122 Gols<\/div>\n<h3>IHRE BETROFFENENRECHTE<\/h3>\n<div>Unter den angegebenen Kontaktdaten unseres Datenschutzbeauftragten k\u00f6nnen Sie jederzeit folgende Rechte aus\u00fcben:<\/div>\n<ul>\n<li>Auskunft \u00fcber Ihre bei uns gespeicherten Daten und deren Verarbeitung,<\/li>\n<li>Berichtigung unrichtiger personenbezogener Daten,<\/li>\n<li>L\u00f6schung Ihrer bei uns gespeicherten Daten,<\/li>\n<li>Einschr\u00e4nkung der Datenverarbeitung, sofern wir Ihre Daten aufgrund gesetzlicher Pflichten noch nicht l\u00f6schen d\u00fcrfen,<\/li>\n<li>Widerspruch gegen die Verarbeitung Ihrer Daten bei uns und<\/li>\n<li>Daten\u00fcbertragbarkeit, sofern Sie in die Datenverarbeitung eingewilligt haben oder einen Vertrag mit uns abgeschlossen haben.<\/li>\n<\/ul>\n<div>Sofern Sie uns eine Einwilligung erteilt haben, k\u00f6nnen Sie diese jederzeit mit Wirkung f\u00fcr die Zukunft widerrufen.<\/div>\n<div>Sie k\u00f6nnen sich jederzeit mit einer Beschwerde an die\u00a0Datenschutzbeh\u00f6rde wenden.<\/div>\n<h3>ZWECKE DER DATENVERARBEITUNG DURCH DIE VERANTWORTLICHE STELLE UND DRITTE<\/h3>\n<div>Wir verarbeiten Ihre personenbezogenen Daten nur zu den in dieser Datenschutzerkl\u00e4rung genannten Zwecken. Eine \u00dcbermittlung Ihrer pers\u00f6nlichen Daten an Dritte zu anderen als den genannten Zwecken findet nicht statt. Wir geben Ihre pers\u00f6nlichen Daten nur an Dritte weiter, wenn:<\/div>\n<ul>\n<li>Sie Ihre ausdr\u00fcckliche Einwilligung dazu erteilt haben,<\/li>\n<li>die Verarbeitung zur Abwicklung eines Vertrags mit Ihnen erforderlich ist,<\/li>\n<li>die Verarbeitung zur Erf\u00fcllung einer rechtlichen Verpflichtung erforderlich ist,<\/li>\n<\/ul>\n<div>die Verarbeitung zur Wahrung berechtigter Interessen erforderlich ist und kein Grund zur Annahme besteht, dass Sie ein \u00fcberwiegendes schutzw\u00fcrdiges Interesse an der Nichtweitergabe Ihrer Daten haben.<\/div>\n<h3>ERFASSUNG ALLGEMEINER INFORMATIONEN BEIM BESUCH UNSERER WEBSITE<\/h3>\n<div>Wenn Sie auf unsere Website zugreifen, werden automatisch mittels eines Cookies Informationen allgemeiner Natur erfasst. Diese Informationen (Server-Logfiles) beinhalten etwa die Art des Webbrowsers, das verwendete Betriebssystem, den Domainnamen Ihres Internet-Service-Providers und \u00e4hnliches. Hierbei handelt es sich ausschlie\u00dflich um Informationen, welche keine R\u00fcckschl\u00fcsse auf Ihre Person zulassen.<\/div>\n<div>Diese Informationen sind technisch notwendig, um von Ihnen angeforderte Inhalte von Webseiten korrekt auszuliefern und fallen bei Nutzung des Internets zwingend an. Sie werden insbesondere zu folgenden Zwecken verarbeitet:<\/div>\n<ul>\n<li>Sicherstellung eines problemlosen Verbindungsaufbaus der Website,<\/li>\n<li>Sicherstellung einer reibungslosen Nutzung unserer Website,<\/li>\n<li>Auswertung der Systemsicherheit und -stabilit\u00e4t sowie<\/li>\n<li>zu weiteren administrativen Zwecken.<\/li>\n<\/ul>\n<div>Die Verarbeitung Ihrer personenbezogenen Daten basiert auf unserem berechtigten Interesse aus den vorgenannten Zwecken zur Datenerhebung. Wir verwenden Ihre Daten nicht, um R\u00fcckschl\u00fcsse auf Ihre Person zu ziehen. Empf\u00e4nger der Daten sind nur die verantwortliche Stelle und ggf. Auftragsverarbeiter.<\/div>\n<div>Anonyme Informationen dieser Art werden von uns ggfs. statistisch ausgewertet, um unseren Internetauftritt und die dahinterstehende Technik zu optimieren.<\/div>\n<h3>COOKIES<\/h3>\n<div>Wie viele andere Webseiten verwenden wir auch so genannte \u201eCookies\u201c. Cookies sind kleine Textdateien, die von einem Websiteserver auf Ihre Festplatte \u00fcbertragen werden. Hierdurch erhalten wir automatisch bestimmte Daten wie z. B. IP-Adresse, verwendeter Browser, Betriebssystem und Ihre Verbindung zum Internet.<\/div>\n<div>Cookies k\u00f6nnen nicht verwendet werden, um Programme zu starten oder Viren auf einen Computer zu \u00fcbertragen. Anhand der in Cookies enthaltenen Informationen k\u00f6nnen wir Ihnen die Navigation erleichtern und die korrekte Anzeige unserer Webseiten erm\u00f6glichen.<\/div>\n<div>In keinem Fall werden die von uns erfassten Daten an Dritte weitergegeben oder ohne Ihre Einwilligung eine Verkn\u00fcpfung mit personenbezogenen Daten hergestellt.<\/div>\n<div>Nat\u00fcrlich k\u00f6nnen Sie unsere Website grunds\u00e4tzlich auch ohne Cookies betrachten. Internet-Browser sind regelm\u00e4\u00dfig so eingestellt, dass sie Cookies akzeptieren. Im Allgemeinen k\u00f6nnen Sie die Verwendung von Cookies jederzeit \u00fcber die Einstellungen Ihres Browsers deaktivieren. Bitte verwenden Sie die Hilfefunktionen Ihres Internetbrowsers, um zu erfahren, wie Sie diese Einstellungen \u00e4ndern k\u00f6nnen. Bitte beachten Sie, dass einzelne Funktionen unserer Website m\u00f6glicherweise nicht funktionieren, wenn Sie die Verwendung von Cookies deaktiviert haben.<\/div>\n<h3>REGISTRIERUNG AUF UNSERER WEBSEITE<\/h3>\n<div>Bei der Registrierung f\u00fcr die Nutzung unserer personalisierten Leistungen werden einige personenbezogene Daten erhoben, wie Name, Anschrift, Kontakt- und Kommunikationsdaten wie Telefonnummer und E-Mail-Adresse. Sind Sie bei uns registriert, k\u00f6nnen Sie auf Inhalte und Leistungen zugreifen, die wir nur registrierten Nutzern anbieten. Angemeldete Nutzer haben zudem die M\u00f6glichkeit, bei Bedarf die bei Registrierung angegebenen Daten jederzeit zu \u00e4ndern oder zu l\u00f6schen. Selbstverst\u00e4ndlich erteilen wir Ihnen dar\u00fcber hinaus jederzeit Auskunft \u00fcber die von uns \u00fcber Sie gespeicherten personenbezogenen Daten. Gerne berichtigen bzw. l\u00f6schen wir diese auch auf Ihren Wunsch, soweit keine gesetzlichen Aufbewahrungspflichten entgegenstehen. Zur Kontaktaufnahme in diesem Zusammenhang nutzen Sie bitte die am Ende dieser Datenschutzerkl\u00e4rung angegebenen Kontaktdaten.<\/div>\n<h3>ERBRINGUNG KOSTENPFLICHTIGER LEISTUNGEN<\/h3>\n<div>Zur Erbringung kostenpflichtiger Leistungen werden von uns zus\u00e4tzliche Daten erfragt, wie z.B. Zahlungsangaben, um Ihre Bestellung ausf\u00fchren zu k\u00f6nnen. Wir speichern diese Daten in unseren Systemen bis die gesetzlichen Aufbewahrungsfristen abgelaufen sind.<\/div>\n<h3>SSL-VERSCHL\u00dcSSELUNG<\/h3>\n<div>Um die Sicherheit Ihrer Daten bei der \u00dcbertragung zu sch\u00fctzen, verwenden wir dem aktuellen Stand der Technik entsprechende Verschl\u00fcsselungsverfahren (z. B. SSL) \u00fcber HTTPS.<\/div>\n<h3>VERWENDUNG VON GOOGLE ANALYTICS<\/h3>\n<div>Diese Website benutzt Google Analytics, einen Webanalysedienst der Google Inc. (folgend: Google). Google Analytics verwendet sog. \u201eCookies\u201c, also Textdateien, die auf Ihrem Computer gespeichert werden und die eine Analyse der Benutzung der Webseite durch Sie erm\u00f6glichen. Die durch das Cookie erzeugten Informationen \u00fcber Ihre Benutzung dieser Webseite werden in der Regel an einen Server von Google in den USA \u00fcbertragen und dort gespeichert. Aufgrund der Aktivierung der IP-Anonymisierung auf diesen Webseiten, wird Ihre IP-Adresse von Google jedoch innerhalb von Mitgliedstaaten der Europ\u00e4ischen Union oder in anderen Vertragsstaaten des Abkommens \u00fcber den Europ\u00e4ischen Wirtschaftsraum zuvor gek\u00fcrzt. Nur in Ausnahmef\u00e4llen wird die volle IP-Adresse an einen Server von Google in den USA \u00fcbertragen und dort gek\u00fcrzt. Im Auftrag des Betreibers dieser Website wird Google diese Informationen benutzen, um Ihre Nutzung der Webseite auszuwerten, um Reports \u00fcber die Webseitenaktivit\u00e4ten zusammenzustellen und um weitere mit der Websitenutzung und der Internetnutzung verbundene Dienstleistungen gegen\u00fcber dem Webseitenbetreiber zu erbringen. Die im Rahmen von Google Analytics von Ihrem Browser \u00fcbermittelte IP-Adresse wird nicht mit anderen Daten von Google zusammengef\u00fchrt.<\/div>\n<div>Die Zwecke der Datenverarbeitung liegen in der Auswertung der Nutzung der Website und in der Zusammenstellung von Reports \u00fcber Aktivit\u00e4ten auf der Website. Auf Grundlage der Nutzung der Website und des Internets sollen dann weitere verbundene Dienstleistungen erbracht werden. Die Verarbeitung beruht auf dem berechtigten Interesse des Webseitenbetreibers.<\/div>\n<div>Sie k\u00f6nnen die Speicherung der Cookies durch eine entsprechende Einstellung Ihrer Browser-Software verhindern; wir weisen Sie jedoch darauf hin, dass Sie in diesem Fall gegebenenfalls nicht s\u00e4mtliche Funktionen dieser Website vollumf\u00e4nglich werden nutzen k\u00f6nnen. Sie k\u00f6nnen dar\u00fcber hinaus die Erfassung der durch das Cookie erzeugten und auf Ihre Nutzung der Webseite bezogenen Daten (inkl. Ihrer IP-Adresse) an Google sowie die Verarbeitung dieser Daten durch Google verhindern, indem sie das unter dem folgenden Link verf\u00fcgbare Browser-Plugin herunterladen und installieren:\u00a0<a href=\"http:\/\/tools.google.com\/dlpage\/gaoptout?hl=de\" target=\"_blank\" rel=\"noopener noreferrer\">Browser Add On zur Deaktivierung von Google Analytics<\/a>.<\/div>\n<div>Zus\u00e4tzlich oder als Alternative zum Browser-Add-On k\u00f6nnen Sie das Tracking durch Google Analytics auf unseren Seiten unterbinden, indem Sie\u00a0<a title=\"Google Analytics Opt-Out-Cookie setzen\" href=\"https:\/\/cutmyshots.at\/datenschutz\/#\">diesen Link anklicken<\/a>. Dabei wird ein Opt-Out-Cookie auf Ihrem Ger\u00e4t installiert. Damit wird die Erfassung durch Google Analytics f\u00fcr diese Website und f\u00fcr diesen Browser zuk\u00fcnftig verhindert, so lange das Cookie in Ihrem Browser installiert bleibt.<\/div>\n<h3>VERWENDUNG VON SCRIPTBIBLIOTHEKEN (GOOGLE WEBFONTS)<\/h3>\n<div>Um unsere Inhalte browser\u00fcbergreifend korrekt und grafisch ansprechend darzustellen, verwenden wir auf dieser Website Scriptbibliotheken und Schriftbibliotheken wie z. B. Google Webfonts (<a href=\"http:\/\/www.google.com\/webfonts\/\" target=\"_blank\" rel=\"noopener noreferrer\">https:\/\/www.google.com\/webfonts\/<\/a>). Google Webfonts werden zur Vermeidung mehrfachen Ladens in den Cache Ihres Browsers \u00fcbertragen. Falls der Browser die Google Webfonts nicht unterst\u00fctzt oder den Zugriff unterbindet, werden Inhalte in einer Standardschrift angezeigt.<\/div>\n<div>Der Aufruf von Scriptbibliotheken oder Schriftbibliotheken l\u00f6st automatisch eine Verbindung zum Betreiber der Bibliothek aus. Dabei ist es theoretisch m\u00f6glich \u2013 aktuell allerdings auch unklar ob und ggf. zu welchen Zwecken \u2013 dass Betreiber entsprechender Bibliotheken Daten erheben.<\/div>\n<div>Die Datenschutzrichtlinie des Bibliothekbetreibers Google finden Sie hier:\u00a0<a href=\"https:\/\/www.google.com\/policies\/privacy\/\" target=\"_blank\" rel=\"noopener noreferrer\">https:\/\/www.google.com\/policies\/privacy\/<\/a><\/div>\n<h3>EINGEBETTETE YOUTUBE-VIDEOS<\/h3>\n<div>Auf einigen unserer Webseiten betten wir Youtube-Videos ein. Betreiber der entsprechenden Plugins ist die YouTube, LLC, 901 Cherry Ave., San Bruno, CA 94066, USA. Wenn Sie eine Seite mit dem YouTube-Plugin besuchen, wird eine Verbindung zu Servern von Youtube hergestellt. Dabei wird Youtube mitgeteilt, welche Seiten Sie besuchen. Wenn Sie in Ihrem Youtube-Account eingeloggt sind, kann Youtube Ihr Surfverhalten Ihnen pers\u00f6nlich zuzuordnen. Dies verhindern Sie, indem Sie sich vorher aus Ihrem Youtube-Account ausloggen.<\/div>\n<div>Wird ein Youtube-Video gestartet, setzt der Anbieter Cookies ein, die Hinweise \u00fcber das Nutzerverhalten sammeln.<\/div>\n<div>Wer das Speichern von Cookies f\u00fcr das Google-Ad-Programm deaktiviert hat, wird auch beim Anschauen von Youtube-Videos mit keinen solchen Cookies rechnen m\u00fcssen. Youtube legt aber auch in anderen Cookies nicht-personenbezogene Nutzungsinformationen ab. M\u00f6chten Sie dies verhindern, so m\u00fcssen Sie das Speichern von Cookies im Browser blockieren.<\/div>\n<div>Weitere Informationen zum Datenschutz bei \u201eYoutube\u201c finden Sie in der Datenschutzerkl\u00e4rung des Anbieters unter:\u00a0<a href=\"https:\/\/www.google.de\/intl\/de\/policies\/privacy\/\" target=\"_blank\" rel=\"noopener noreferrer\">https:\/\/www.google.de\/intl\/de\/policies\/privacy\/\u00a0<\/a><\/div>\n<h3>GOOGLE ADWORDS<\/h3>\n<div>Unsere Webseite nutzt das Google Conversion-Tracking. Sind Sie \u00fcber eine von Google geschaltete Anzeige auf unsere Webseite gelangt, wird von Google Adwords ein Cookie auf Ihrem Rechner gesetzt. Das Cookie f\u00fcr Conversion-Tracking wird gesetzt, wenn ein Nutzer auf eine von Google geschaltete Anzeige klickt. Diese Cookies verlieren nach 30 Tagen ihre G\u00fcltigkeit und dienen nicht der pers\u00f6nlichen Identifizierung. Besucht der Nutzer bestimmte Seiten unserer Website und das Cookie ist noch nicht abgelaufen, k\u00f6nnen wir und Google erkennen, dass der Nutzer auf die Anzeige geklickt hat und zu dieser Seite weitergeleitet wurde. Jeder Google AdWords-Kunde erh\u00e4lt ein anderes Cookie. Cookies k\u00f6nnen somit nicht \u00fcber die Websites von AdWords-Kunden nachverfolgt werden. Die mithilfe des Conversion-Cookies eingeholten Informationen dienen dazu, Conversion-Statistiken f\u00fcr AdWords-Kunden zu erstellen, die sich f\u00fcr Conversion-Tracking entschieden haben. Die Kunden erfahren die Gesamtanzahl der Nutzer, die auf ihre Anzeige geklickt haben und zu einer mit einem Conversion-Tracking-Tag versehenen Seite weitergeleitet wurden. Sie erhalten jedoch keine Informationen, mit denen sich Nutzer pers\u00f6nlich identifizieren lassen.<\/div>\n<div>M\u00f6chten Sie nicht am Tracking teilnehmen, k\u00f6nnen Sie das hierf\u00fcr erforderliche Setzen eines Cookies ablehnen \u2013 etwa per Browser-Einstellung, die das automatische Setzen von Cookies generell deaktiviert oder Ihren Browser so einstellen, dass Cookies von der Domain \u201egoogleleadservices.com\u201c blockiert werden.<\/div>\n<div>Bitte beachten Sie, dass Sie die Opt-out-Cookies nicht l\u00f6schen d\u00fcrfen, solange Sie keine Aufzeichnung von Messdaten w\u00fcnschen. Haben Sie alle Ihre Cookies im Browser gel\u00f6scht, m\u00fcssen Sie das jeweilige Opt-out Cookie erneut setzen.<\/div>\n<h3>EINSATZ VON GOOGLE REMARKETING<\/h3>\n<div>Diese Webseite verwendet die Remarketing-Funktion der Google Inc. Die Funktion dient dazu, Webseitenbesuchern innerhalb des Google-Werbenetzwerks interessenbezogene Werbeanzeigen zu pr\u00e4sentieren. Im Browser des Webseitenbesuchers wird ein sog. \u201eCookie\u201c gespeichert, der es erm\u00f6glicht, den Besucher wiederzuerkennen, wenn dieser Webseiten aufruft, die dem Werbenetzwerk von Google angeh\u00f6ren. Auf diesen Seiten k\u00f6nnen dem Besucher Werbeanzeigen pr\u00e4sentiert werden, die sich auf Inhalte beziehen, die der Besucher zuvor auf Webseiten aufgerufen hat, die die Remarketing Funktion von Google verwenden.<\/div>\n<div>Nach eigenen Angaben erhebt Google bei diesem Vorgang keine personenbezogenen Daten. Sollten Sie die Funktion Remarketing von Google dennoch nicht w\u00fcnschen, k\u00f6nnen Sie diese grunds\u00e4tzlich deaktivieren, indem Sie die entsprechenden Einstellungen unter\u00a0<a href=\"http:\/\/www.google.com\/settings\/ads\" target=\"_blank\" rel=\"noopener noreferrer\">http:\/\/www.google.com\/settings\/ads<\/a>\u00a0vornehmen. Alternativ k\u00f6nnen Sie den Einsatz von Cookies f\u00fcr interessenbezogene Werbung \u00fcber die Werbenetzwerkinitiative deaktivieren, indem Sie den Anweisungen unter\u00a0<a href=\"http:\/\/www.networkadvertising.org\/managing\/opt_out.asp\" target=\"_blank\" rel=\"noopener noreferrer\">http:\/\/www.networkadvertising.org\/managing\/opt_out.asp<\/a>\u00a0folgen.<\/div>\n<h3><strong>\u00c4NDERUNG UNSERER DATENSCHUTZBESTIMMUNGEN<\/strong><\/h3>\n<div>Wir behalten uns vor, diese Datenschutzerkl\u00e4rung anzupassen, damit sie stets den aktuellen rechtlichen Anforderungen entspricht oder um \u00c4nderungen unserer Leistungen in der Datenschutzerkl\u00e4rung umzusetzen, z.B. bei der Einf\u00fchrung neuer Services. F\u00fcr Ihren erneuten Besuch gilt dann die neue Datenschutzerkl\u00e4rung.<\/div>\n<h3><strong>FRAGEN AN DEN DATENSCHUTZBEAUFTRAGTEN<\/strong><\/h3>\n<div>Wenn Sie Fragen zum Datenschutz haben, schreiben Sie uns bitte eine E-Mail an <a href=\"mailto:info@wein-schmelzer.at\">info@wein-schmelzer.at<\/a><\/div>\n<div>Die Datenschutzerkl\u00e4rung wurde mit dem\u00a0<a href=\"https:\/\/www.activemind.de\/datenschutz\/datenschutzhinweis-generator\/\" target=\"_blank\" rel=\"noopener noreferrer\">Datenschutzerkl\u00e4rungs-Generator der activeMind AG erstellt<\/a>.<\/div>\n<p>[\/vc_column_text][\/vc_column_inner][\/vc_row_inner][\/vc_column][\/vc_row]<\/p>\n<\/div>","protected":false},"excerpt":{"rendered":"<p>If you&#8217;d like to discuss working with us, find out more about the range of services we have to offer, or just want to have a chat, please get in touch.<\/p>\n","protected":false},"author":1,"featured_media":0,"parent":0,"menu_order":0,"comment_status":"open","ping_status":"closed","template":"","meta":{"footnotes":""},"class_list":["post-145855","page","type-page","status-publish","hentry"],"_links":{"self":[{"href":"https:\/\/www.wein-schmelzer.at\/index.php\/wp-json\/wp\/v2\/pages\/145855","targetHints":{"allow":["GET"]}}],"collection":[{"href":"https:\/\/www.wein-schmelzer.at\/index.php\/wp-json\/wp\/v2\/pages"}],"about":[{"href":"https:\/\/www.wein-schmelzer.at\/index.php\/wp-json\/wp\/v2\/types\/page"}],"author":[{"embeddable":true,"href":"https:\/\/www.wein-schmelzer.at\/index.php\/wp-json\/wp\/v2\/users\/1"}],"replies":[{"embeddable":true,"href":"https:\/\/www.wein-schmelzer.at\/index.php\/wp-json\/wp\/v2\/comments?post=145855"}],"version-history":[{"count":3,"href":"https:\/\/www.wein-schmelzer.at\/index.php\/wp-json\/wp\/v2\/pages\/145855\/revisions"}],"predecessor-version":[{"id":146213,"href":"https:\/\/www.wein-schmelzer.at\/index.php\/wp-json\/wp\/v2\/pages\/145855\/revisions\/146213"}],"wp:attachment":[{"href":"https:\/\/www.wein-schmelzer.at\/index.php\/wp-json\/wp\/v2\/media?parent=145855"}],"curies":[{"name":"wp","href":"https:\/\/api.w.org\/{rel}","templated":true}]}}